{"id":2009,"date":"2025-11-04T02:48:29","date_gmt":"2025-11-04T02:48:29","guid":{"rendered":"https:\/\/remarkableplatform.shop\/?post_type=product&#038;p=2009"},"modified":"2025-11-04T02:50:29","modified_gmt":"2025-11-04T02:50:29","slug":"luz-de-emergencia-v16-obligatoria-conectada-a-dgt","status":"publish","type":"product","link":"https:\/\/remarkableplatform.shop\/es\/producto\/luz-de-emergencia-v16-obligatoria-conectada-a-dgt\/","title":{"rendered":"LUZ DE EMERGENCIA V16 Obligatoria conectada a DGT"},"content":{"rendered":"<p><img fetchpriority=\"high\" decoding=\"async\" src=\"https:\/\/newbotay.shop\/wp-content\/uploads\/2025\/10\/71SbBD8nssL._AC_SL1500_-1-1024x1024.jpg\" sizes=\"(max-width: 1024px) 100vw, 1024px\" srcset=\"https:\/\/newbotay.shop\/wp-content\/uploads\/2025\/10\/71SbBD8nssL._AC_SL1500_-1-1024x1024.jpg 1024w, https:\/\/newbotay.shop\/wp-content\/uploads\/2025\/10\/71SbBD8nssL._AC_SL1500_-1-300x300.jpg 300w, https:\/\/newbotay.shop\/wp-content\/uploads\/2025\/10\/71SbBD8nssL._AC_SL1500_-1-150x150.jpg 150w, https:\/\/newbotay.shop\/wp-content\/uploads\/2025\/10\/71SbBD8nssL._AC_SL1500_-1-768x768.jpg 768w, https:\/\/newbotay.shop\/wp-content\/uploads\/2025\/10\/71SbBD8nssL._AC_SL1500_-1-12x12.jpg 12w, https:\/\/newbotay.shop\/wp-content\/uploads\/2025\/10\/71SbBD8nssL._AC_SL1500_-1-60x60.jpg 60w, https:\/\/newbotay.shop\/wp-content\/uploads\/2025\/10\/71SbBD8nssL._AC_SL1500_-1-110x110.jpg 110w, https:\/\/newbotay.shop\/wp-content\/uploads\/2025\/10\/71SbBD8nssL._AC_SL1500_-1-600x600.jpg 600w, https:\/\/newbotay.shop\/wp-content\/uploads\/2025\/10\/71SbBD8nssL._AC_SL1500_-1-130x130.jpg 130w, https:\/\/newbotay.shop\/wp-content\/uploads\/2025\/10\/71SbBD8nssL._AC_SL1500_-1.jpg 1500w\" alt=\"\" width=\"1024\" height=\"1024\" \/><br \/>\n<img decoding=\"async\" src=\"https:\/\/newbotay.shop\/wp-content\/uploads\/2025\/10\/71sqWYYS14L._AC_SL1500_-1-1024x1021.jpg\" sizes=\"(max-width: 1024px) 100vw, 1024px\" srcset=\"https:\/\/newbotay.shop\/wp-content\/uploads\/2025\/10\/71sqWYYS14L._AC_SL1500_-1-1024x1021.jpg 1024w, https:\/\/newbotay.shop\/wp-content\/uploads\/2025\/10\/71sqWYYS14L._AC_SL1500_-1-300x300.jpg 300w, https:\/\/newbotay.shop\/wp-content\/uploads\/2025\/10\/71sqWYYS14L._AC_SL1500_-1-150x150.jpg 150w, https:\/\/newbotay.shop\/wp-content\/uploads\/2025\/10\/71sqWYYS14L._AC_SL1500_-1-768x765.jpg 768w, https:\/\/newbotay.shop\/wp-content\/uploads\/2025\/10\/71sqWYYS14L._AC_SL1500_-1-12x12.jpg 12w, https:\/\/newbotay.shop\/wp-content\/uploads\/2025\/10\/71sqWYYS14L._AC_SL1500_-1-60x60.jpg 60w, https:\/\/newbotay.shop\/wp-content\/uploads\/2025\/10\/71sqWYYS14L._AC_SL1500_-1-110x110.jpg 110w, https:\/\/newbotay.shop\/wp-content\/uploads\/2025\/10\/71sqWYYS14L._AC_SL1500_-1-600x598.jpg 600w, https:\/\/newbotay.shop\/wp-content\/uploads\/2025\/10\/71sqWYYS14L._AC_SL1500_-1-130x130.jpg 130w, https:\/\/newbotay.shop\/wp-content\/uploads\/2025\/10\/71sqWYYS14L._AC_SL1500_-1.jpg 1500w\" alt=\"\" width=\"1024\" height=\"1021\" \/><br \/>\n<img decoding=\"async\" src=\"https:\/\/newbotay.shop\/wp-content\/uploads\/2025\/10\/71XWJ9CBW0L._AC_SL1500_-1-1024x954.jpg\" sizes=\"(max-width: 1024px) 100vw, 1024px\" srcset=\"https:\/\/newbotay.shop\/wp-content\/uploads\/2025\/10\/71XWJ9CBW0L._AC_SL1500_-1-1024x954.jpg 1024w, https:\/\/newbotay.shop\/wp-content\/uploads\/2025\/10\/71XWJ9CBW0L._AC_SL1500_-1-300x279.jpg 300w, https:\/\/newbotay.shop\/wp-content\/uploads\/2025\/10\/71XWJ9CBW0L._AC_SL1500_-1-768x715.jpg 768w, https:\/\/newbotay.shop\/wp-content\/uploads\/2025\/10\/71XWJ9CBW0L._AC_SL1500_-1-13x12.jpg 13w, https:\/\/newbotay.shop\/wp-content\/uploads\/2025\/10\/71XWJ9CBW0L._AC_SL1500_-1-60x56.jpg 60w, https:\/\/newbotay.shop\/wp-content\/uploads\/2025\/10\/71XWJ9CBW0L._AC_SL1500_-1-110x102.jpg 110w, https:\/\/newbotay.shop\/wp-content\/uploads\/2025\/10\/71XWJ9CBW0L._AC_SL1500_-1-600x559.jpg 600w, https:\/\/newbotay.shop\/wp-content\/uploads\/2025\/10\/71XWJ9CBW0L._AC_SL1500_-1-130x121.jpg 130w, https:\/\/newbotay.shop\/wp-content\/uploads\/2025\/10\/71XWJ9CBW0L._AC_SL1500_-1.jpg 1500w\" alt=\"\" width=\"1024\" height=\"954\" \/><br \/>\n<img loading=\"lazy\" decoding=\"async\" src=\"https:\/\/newbotay.shop\/wp-content\/uploads\/2025\/10\/71SWObi-pL._AC_SL1500_-1024x1024.jpg\" sizes=\"(max-width: 1024px) 100vw, 1024px\" srcset=\"https:\/\/newbotay.shop\/wp-content\/uploads\/2025\/10\/71SWObi-pL._AC_SL1500_-1024x1024.jpg 1024w, https:\/\/newbotay.shop\/wp-content\/uploads\/2025\/10\/71SWObi-pL._AC_SL1500_-300x300.jpg 300w, https:\/\/newbotay.shop\/wp-content\/uploads\/2025\/10\/71SWObi-pL._AC_SL1500_-150x150.jpg 150w, https:\/\/newbotay.shop\/wp-content\/uploads\/2025\/10\/71SWObi-pL._AC_SL1500_-768x768.jpg 768w, https:\/\/newbotay.shop\/wp-content\/uploads\/2025\/10\/71SWObi-pL._AC_SL1500_-12x12.jpg 12w, https:\/\/newbotay.shop\/wp-content\/uploads\/2025\/10\/71SWObi-pL._AC_SL1500_-60x60.jpg 60w, https:\/\/newbotay.shop\/wp-content\/uploads\/2025\/10\/71SWObi-pL._AC_SL1500_-110x110.jpg 110w, https:\/\/newbotay.shop\/wp-content\/uploads\/2025\/10\/71SWObi-pL._AC_SL1500_-600x600.jpg 600w, https:\/\/newbotay.shop\/wp-content\/uploads\/2025\/10\/71SWObi-pL._AC_SL1500_-130x130.jpg 130w, https:\/\/newbotay.shop\/wp-content\/uploads\/2025\/10\/71SWObi-pL._AC_SL1500_.jpg 1500w\" alt=\"\" width=\"1024\" height=\"1024\" \/><\/p>\n<ul>\n<li>LUZ V16 CON GEOLOCALIZACI\u00d3N Dise\u00f1ada para proporcionar la mayor seguridad desde la se\u00f1alizaci\u00f3n de veh\u00edculos con incidencias en carretera, que avisa autom\u00e1ticamente a la DGT y puede ser vista por otros conductores hasta 1 km de distancia para evitar atropellos y accidentes.<\/li>\n<li>HOMOLOGADA POR LA DGT (3.0): La luz de emergencia ha sido desarrollada seg\u00fan las especificaciones de la DGT, superando el exigente proceso de certificaci\u00f3n y cumple con todo lo establecido en el Real Decreto 2822\/1998. Certificado IDIADA PC24010146.<\/li>\n<\/ul>","protected":false},"excerpt":{"rendered":"<p>V16 LIGHT WITH GEOLOCATION Designed to provide the greatest security from signaling vehicles with road incidents, which automatically alerts the DGT and can be seen by other drivers up to 1 km away to avoid attacks and accidents. DGT (3.0) APPROVED: The emergency light has been developed according to the specifications of the DGT, exceeding [&hellip;]<\/p>","protected":false},"featured_media":2010,"comment_status":"open","ping_status":"closed","template":"","meta":{"_acf_changed":false},"product_brand":[],"product_cat":[41],"product_tag":[],"class_list":{"0":"post-2009","1":"product","2":"type-product","3":"status-publish","4":"has-post-thumbnail","6":"product_cat-home-living","8":"first","9":"instock","10":"shipping-taxable","11":"purchasable","12":"product-type-simple"},"acf":[],"_links":{"self":[{"href":"https:\/\/remarkableplatform.shop\/es\/wp-json\/wp\/v2\/product\/2009","targetHints":{"allow":["GET"]}}],"collection":[{"href":"https:\/\/remarkableplatform.shop\/es\/wp-json\/wp\/v2\/product"}],"about":[{"href":"https:\/\/remarkableplatform.shop\/es\/wp-json\/wp\/v2\/types\/product"}],"replies":[{"embeddable":true,"href":"https:\/\/remarkableplatform.shop\/es\/wp-json\/wp\/v2\/comments?post=2009"}],"version-history":[{"count":1,"href":"https:\/\/remarkableplatform.shop\/es\/wp-json\/wp\/v2\/product\/2009\/revisions"}],"predecessor-version":[{"id":2011,"href":"https:\/\/remarkableplatform.shop\/es\/wp-json\/wp\/v2\/product\/2009\/revisions\/2011"}],"wp:featuredmedia":[{"embeddable":true,"href":"https:\/\/remarkableplatform.shop\/es\/wp-json\/wp\/v2\/media\/2010"}],"wp:attachment":[{"href":"https:\/\/remarkableplatform.shop\/es\/wp-json\/wp\/v2\/media?parent=2009"}],"wp:term":[{"taxonomy":"product_brand","embeddable":true,"href":"https:\/\/remarkableplatform.shop\/es\/wp-json\/wp\/v2\/product_brand?post=2009"},{"taxonomy":"product_cat","embeddable":true,"href":"https:\/\/remarkableplatform.shop\/es\/wp-json\/wp\/v2\/product_cat?post=2009"},{"taxonomy":"product_tag","embeddable":true,"href":"https:\/\/remarkableplatform.shop\/es\/wp-json\/wp\/v2\/product_tag?post=2009"}],"curies":[{"name":"wp","href":"https:\/\/api.w.org\/{rel}","templated":true}]}}