{"id":2090,"date":"2025-11-20T09:16:52","date_gmt":"2025-11-20T09:16:52","guid":{"rendered":"https:\/\/remarkableplatform.shop\/?post_type=product&#038;p=2090"},"modified":"2025-11-26T09:53:58","modified_gmt":"2025-11-26T09:53:58","slug":"aovopro-esbs-500w-14inch-commuter-electric-scooter-with-seat-carry-basket-22mph","status":"publish","type":"product","link":"https:\/\/remarkableplatform.shop\/es\/producto\/aovopro-esbs-500w-14inch-commuter-electric-scooter-with-seat-carry-basket-22mph\/","title":{"rendered":"AOVOPRO ESBS 500W 14inch Commuter Scooter el\u00e9ctrico con asiento y cesta de transporte 22MPH"},"content":{"rendered":"<p><img fetchpriority=\"high\" decoding=\"async\" width=\"600\" height=\"450\" src=\"https:\/\/newbotay.shop\/wp-content\/uploads\/2025\/11\/77b98603b6ec47da8d88b850cae40009tplv-t5fjg24jzw-resize-jpeg_800_600.jpg\" alt=\"\" srcset=\"https:\/\/newbotay.shop\/wp-content\/uploads\/2025\/11\/77b98603b6ec47da8d88b850cae40009tplv-t5fjg24jzw-resize-jpeg_800_600.jpg 600w, https:\/\/newbotay.shop\/wp-content\/uploads\/2025\/11\/77b98603b6ec47da8d88b850cae40009tplv-t5fjg24jzw-resize-jpeg_800_600-300x225.jpg 300w, https:\/\/newbotay.shop\/wp-content\/uploads\/2025\/11\/77b98603b6ec47da8d88b850cae40009tplv-t5fjg24jzw-resize-jpeg_800_600-16x12.jpg 16w, https:\/\/newbotay.shop\/wp-content\/uploads\/2025\/11\/77b98603b6ec47da8d88b850cae40009tplv-t5fjg24jzw-resize-jpeg_800_600-60x45.jpg 60w, https:\/\/newbotay.shop\/wp-content\/uploads\/2025\/11\/77b98603b6ec47da8d88b850cae40009tplv-t5fjg24jzw-resize-jpeg_800_600-110x83.jpg 110w, https:\/\/newbotay.shop\/wp-content\/uploads\/2025\/11\/77b98603b6ec47da8d88b850cae40009tplv-t5fjg24jzw-resize-jpeg_800_600-130x98.jpg 130w\" sizes=\"(max-width: 600px) 100vw, 600px\" \/><br \/>\n\t\t\t\t\t\t\t\t\t\t\t\t\t<img decoding=\"async\" width=\"800\" height=\"800\" src=\"https:\/\/newbotay.shop\/wp-content\/uploads\/2025\/11\/7002a76f77f0463082acf8bedc206434tplv-t5fjg24jzw-resize-jpeg_800_800.jpg\" alt=\"\" srcset=\"https:\/\/newbotay.shop\/wp-content\/uploads\/2025\/11\/7002a76f77f0463082acf8bedc206434tplv-t5fjg24jzw-resize-jpeg_800_800.jpg 800w, https:\/\/newbotay.shop\/wp-content\/uploads\/2025\/11\/7002a76f77f0463082acf8bedc206434tplv-t5fjg24jzw-resize-jpeg_800_800-300x300.jpg 300w, https:\/\/newbotay.shop\/wp-content\/uploads\/2025\/11\/7002a76f77f0463082acf8bedc206434tplv-t5fjg24jzw-resize-jpeg_800_800-150x150.jpg 150w, https:\/\/newbotay.shop\/wp-content\/uploads\/2025\/11\/7002a76f77f0463082acf8bedc206434tplv-t5fjg24jzw-resize-jpeg_800_800-768x768.jpg 768w, https:\/\/newbotay.shop\/wp-content\/uploads\/2025\/11\/7002a76f77f0463082acf8bedc206434tplv-t5fjg24jzw-resize-jpeg_800_800-12x12.jpg 12w, https:\/\/newbotay.shop\/wp-content\/uploads\/2025\/11\/7002a76f77f0463082acf8bedc206434tplv-t5fjg24jzw-resize-jpeg_800_800-60x60.jpg 60w, https:\/\/newbotay.shop\/wp-content\/uploads\/2025\/11\/7002a76f77f0463082acf8bedc206434tplv-t5fjg24jzw-resize-jpeg_800_800-110x110.jpg 110w, https:\/\/newbotay.shop\/wp-content\/uploads\/2025\/11\/7002a76f77f0463082acf8bedc206434tplv-t5fjg24jzw-resize-jpeg_800_800-600x600.jpg 600w, https:\/\/newbotay.shop\/wp-content\/uploads\/2025\/11\/7002a76f77f0463082acf8bedc206434tplv-t5fjg24jzw-resize-jpeg_800_800-130x130.jpg 130w\" sizes=\"(max-width: 800px) 100vw, 800px\" \/><br \/>\n\t\t\t\t\t\t\t\t\t\t\t\t\t<img decoding=\"async\" width=\"800\" height=\"800\" src=\"https:\/\/newbotay.shop\/wp-content\/uploads\/2025\/11\/1d470e6e7ba04900a02b7df4f4445f72tplv-t5fjg24jzw-resize-jpeg_800_800.jpg\" alt=\"\" srcset=\"https:\/\/newbotay.shop\/wp-content\/uploads\/2025\/11\/1d470e6e7ba04900a02b7df4f4445f72tplv-t5fjg24jzw-resize-jpeg_800_800.jpg 800w, https:\/\/newbotay.shop\/wp-content\/uploads\/2025\/11\/1d470e6e7ba04900a02b7df4f4445f72tplv-t5fjg24jzw-resize-jpeg_800_800-300x300.jpg 300w, https:\/\/newbotay.shop\/wp-content\/uploads\/2025\/11\/1d470e6e7ba04900a02b7df4f4445f72tplv-t5fjg24jzw-resize-jpeg_800_800-150x150.jpg 150w, https:\/\/newbotay.shop\/wp-content\/uploads\/2025\/11\/1d470e6e7ba04900a02b7df4f4445f72tplv-t5fjg24jzw-resize-jpeg_800_800-768x768.jpg 768w, https:\/\/newbotay.shop\/wp-content\/uploads\/2025\/11\/1d470e6e7ba04900a02b7df4f4445f72tplv-t5fjg24jzw-resize-jpeg_800_800-12x12.jpg 12w, https:\/\/newbotay.shop\/wp-content\/uploads\/2025\/11\/1d470e6e7ba04900a02b7df4f4445f72tplv-t5fjg24jzw-resize-jpeg_800_800-60x60.jpg 60w, https:\/\/newbotay.shop\/wp-content\/uploads\/2025\/11\/1d470e6e7ba04900a02b7df4f4445f72tplv-t5fjg24jzw-resize-jpeg_800_800-110x110.jpg 110w, https:\/\/newbotay.shop\/wp-content\/uploads\/2025\/11\/1d470e6e7ba04900a02b7df4f4445f72tplv-t5fjg24jzw-resize-jpeg_800_800-600x600.jpg 600w, https:\/\/newbotay.shop\/wp-content\/uploads\/2025\/11\/1d470e6e7ba04900a02b7df4f4445f72tplv-t5fjg24jzw-resize-jpeg_800_800-130x130.jpg 130w\" sizes=\"(max-width: 800px) 100vw, 800px\" \/><br \/>\n\t\t\t\t\t\t\t\t\t\t\t\t\t<img loading=\"lazy\" decoding=\"async\" width=\"800\" height=\"800\" src=\"https:\/\/newbotay.shop\/wp-content\/uploads\/2025\/11\/a8b771b562144935bd53582e943a104dtplv-t5fjg24jzw-resize-jpeg_800_800.jpg\" alt=\"\" srcset=\"https:\/\/newbotay.shop\/wp-content\/uploads\/2025\/11\/a8b771b562144935bd53582e943a104dtplv-t5fjg24jzw-resize-jpeg_800_800.jpg 800w, https:\/\/newbotay.shop\/wp-content\/uploads\/2025\/11\/a8b771b562144935bd53582e943a104dtplv-t5fjg24jzw-resize-jpeg_800_800-300x300.jpg 300w, https:\/\/newbotay.shop\/wp-content\/uploads\/2025\/11\/a8b771b562144935bd53582e943a104dtplv-t5fjg24jzw-resize-jpeg_800_800-150x150.jpg 150w, https:\/\/newbotay.shop\/wp-content\/uploads\/2025\/11\/a8b771b562144935bd53582e943a104dtplv-t5fjg24jzw-resize-jpeg_800_800-768x768.jpg 768w, https:\/\/newbotay.shop\/wp-content\/uploads\/2025\/11\/a8b771b562144935bd53582e943a104dtplv-t5fjg24jzw-resize-jpeg_800_800-12x12.jpg 12w, https:\/\/newbotay.shop\/wp-content\/uploads\/2025\/11\/a8b771b562144935bd53582e943a104dtplv-t5fjg24jzw-resize-jpeg_800_800-60x60.jpg 60w, https:\/\/newbotay.shop\/wp-content\/uploads\/2025\/11\/a8b771b562144935bd53582e943a104dtplv-t5fjg24jzw-resize-jpeg_800_800-110x110.jpg 110w, https:\/\/newbotay.shop\/wp-content\/uploads\/2025\/11\/a8b771b562144935bd53582e943a104dtplv-t5fjg24jzw-resize-jpeg_800_800-600x600.jpg 600w, https:\/\/newbotay.shop\/wp-content\/uploads\/2025\/11\/a8b771b562144935bd53582e943a104dtplv-t5fjg24jzw-resize-jpeg_800_800-130x130.jpg 130w\" sizes=\"(max-width: 800px) 100vw, 800px\" \/><br \/>\n\t\t\t\t\t\t\t\t\t\t\t\t\t<img loading=\"lazy\" decoding=\"async\" width=\"800\" height=\"800\" src=\"https:\/\/newbotay.shop\/wp-content\/uploads\/2025\/11\/6ebadf49d1fa4aff86158a2bb8dcff57tplv-t5fjg24jzw-resize-jpeg_800_800.jpg\" alt=\"\" srcset=\"https:\/\/newbotay.shop\/wp-content\/uploads\/2025\/11\/6ebadf49d1fa4aff86158a2bb8dcff57tplv-t5fjg24jzw-resize-jpeg_800_800.jpg 800w, https:\/\/newbotay.shop\/wp-content\/uploads\/2025\/11\/6ebadf49d1fa4aff86158a2bb8dcff57tplv-t5fjg24jzw-resize-jpeg_800_800-300x300.jpg 300w, https:\/\/newbotay.shop\/wp-content\/uploads\/2025\/11\/6ebadf49d1fa4aff86158a2bb8dcff57tplv-t5fjg24jzw-resize-jpeg_800_800-150x150.jpg 150w, https:\/\/newbotay.shop\/wp-content\/uploads\/2025\/11\/6ebadf49d1fa4aff86158a2bb8dcff57tplv-t5fjg24jzw-resize-jpeg_800_800-768x768.jpg 768w, https:\/\/newbotay.shop\/wp-content\/uploads\/2025\/11\/6ebadf49d1fa4aff86158a2bb8dcff57tplv-t5fjg24jzw-resize-jpeg_800_800-12x12.jpg 12w, https:\/\/newbotay.shop\/wp-content\/uploads\/2025\/11\/6ebadf49d1fa4aff86158a2bb8dcff57tplv-t5fjg24jzw-resize-jpeg_800_800-60x60.jpg 60w, https:\/\/newbotay.shop\/wp-content\/uploads\/2025\/11\/6ebadf49d1fa4aff86158a2bb8dcff57tplv-t5fjg24jzw-resize-jpeg_800_800-110x110.jpg 110w, https:\/\/newbotay.shop\/wp-content\/uploads\/2025\/11\/6ebadf49d1fa4aff86158a2bb8dcff57tplv-t5fjg24jzw-resize-jpeg_800_800-600x600.jpg 600w, https:\/\/newbotay.shop\/wp-content\/uploads\/2025\/11\/6ebadf49d1fa4aff86158a2bb8dcff57tplv-t5fjg24jzw-resize-jpeg_800_800-130x130.jpg 130w\" sizes=\"(max-width: 800px) 100vw, 800px\" \/>\t\t\t\t\t\t\t\t\t\t\t\t\t<\/p>\n<ul>\n<li>-R\u00e1pido y Duradero\uff1aAOVOPRO ESBS Scooter El\u00e9ctrico con el potente motor de 500W y 48-54.6V bater\u00eda de larga duraci\u00f3n, puede alcanzar una velocidad m\u00e1xima de 22 mph y viajar hasta 21-28 millas con una sola carga. \uff08La velocidad m\u00e1xima por defecto es de 15.5MPH. Para alcanzar velocidades superiores, es necesario elevar el l\u00edmite de velocidad\uff09.<\/li>\n<li>-Conducci\u00f3n c\u00f3moda: Este e-scooter viene con un asiento ajustable y suave, doble amortiguador hidr\u00e1ulico delantero y amortiguador de muelle trasero, y usted no sufrir\u00e1 de fatiga en un viaje de larga distancia. Los neum\u00e1ticos gruesos y resistentes de 14\u2033 absorben la mayor\u00eda de los golpes, ofreciendo una experiencia de conducci\u00f3n c\u00f3moda. La cubierta de 9\u2033 de ancho proporciona suficiente espacio para tus pies o incluso para una mascota peque\u00f1a.<\/li>\n<li>-Cesta de transporte desmontable: Para la comodidad de su vida, hemos dise\u00f1ado una cesta de almacenamiento resistente para usted. Se puede montar en cualquier momento para comprar comestibles y recoger paquetes sin preocuparse de no tener un lugar de almacenamiento, Adem\u00e1s, la cesta de la compra tabla de asiento que ofrecemos como un regalo tambi\u00e9n puede satisfacer su demanda para llevar a su hijo<\/li>\n<li>-La seguridad es lo primero: El faro de alta luminosidad y la luz de freno trasera son su guardi\u00e1n nocturno. El eficaz freno de doble disco del e-scooter proporciona una excelente estabilidad y control, lo que le permite detenerse de forma progresiva y segura.<\/li>\n<li> Adem\u00e1s, el candado con contrase\u00f1a que ofrecemos de regalo proporciona protecci\u00f3n antirrobo para tu scooter<\/li>\n<\/ul>","protected":false},"excerpt":{"rendered":"<p>\u00b7Fast &amp; Durable\uff1aAOVOPRO ESBS Electric Scooter with the 500W powerful motor and 48-54.6V long-lasting battery, can reach a maximum speed of 22 mph and travel up to 21-28 miles on a single charge. \uff08The default maximum speed is 15.5MPH. To achieve higher speeds, the speed limit needs to be lifted\uff09 \u00b7Comfortable Riding: This e-scooter comes [&hellip;]<\/p>","protected":false},"featured_media":2093,"comment_status":"open","ping_status":"closed","template":"","meta":{"_acf_changed":false},"product_brand":[],"product_cat":[41],"product_tag":[],"class_list":{"0":"post-2090","1":"product","2":"type-product","3":"status-publish","4":"has-post-thumbnail","6":"product_cat-home-living","8":"first","9":"instock","10":"sale","11":"shipping-taxable","12":"purchasable","13":"product-type-variable","14":"has-default-attributes","15":"wvs-archive-product-wrapper"},"acf":[],"_links":{"self":[{"href":"https:\/\/remarkableplatform.shop\/es\/wp-json\/wp\/v2\/product\/2090","targetHints":{"allow":["GET"]}}],"collection":[{"href":"https:\/\/remarkableplatform.shop\/es\/wp-json\/wp\/v2\/product"}],"about":[{"href":"https:\/\/remarkableplatform.shop\/es\/wp-json\/wp\/v2\/types\/product"}],"replies":[{"embeddable":true,"href":"https:\/\/remarkableplatform.shop\/es\/wp-json\/wp\/v2\/comments?post=2090"}],"version-history":[{"count":1,"href":"https:\/\/remarkableplatform.shop\/es\/wp-json\/wp\/v2\/product\/2090\/revisions"}],"predecessor-version":[{"id":2094,"href":"https:\/\/remarkableplatform.shop\/es\/wp-json\/wp\/v2\/product\/2090\/revisions\/2094"}],"wp:featuredmedia":[{"embeddable":true,"href":"https:\/\/remarkableplatform.shop\/es\/wp-json\/wp\/v2\/media\/2093"}],"wp:attachment":[{"href":"https:\/\/remarkableplatform.shop\/es\/wp-json\/wp\/v2\/media?parent=2090"}],"wp:term":[{"taxonomy":"product_brand","embeddable":true,"href":"https:\/\/remarkableplatform.shop\/es\/wp-json\/wp\/v2\/product_brand?post=2090"},{"taxonomy":"product_cat","embeddable":true,"href":"https:\/\/remarkableplatform.shop\/es\/wp-json\/wp\/v2\/product_cat?post=2090"},{"taxonomy":"product_tag","embeddable":true,"href":"https:\/\/remarkableplatform.shop\/es\/wp-json\/wp\/v2\/product_tag?post=2090"}],"curies":[{"name":"wp","href":"https:\/\/api.w.org\/{rel}","templated":true}]}}