{"id":2113,"date":"2025-12-07T02:31:18","date_gmt":"2025-12-07T02:31:18","guid":{"rendered":"https:\/\/remarkableplatform.shop\/?post_type=product&#038;p=2113"},"modified":"2026-03-06T05:50:47","modified_gmt":"2026-03-06T05:50:47","slug":"pritom-10-1-inch-android-15-tablet-with-keyboard-mouse-case-stylus-6000mah-battery-8mp-64gb-rom-good-choice-for-festival-gift-summer-sale-best-bundle","status":"publish","type":"product","link":"https:\/\/remarkableplatform.shop\/es\/producto\/pritom-10-1-inch-android-15-tablet-with-keyboard-mouse-case-stylus-6000mah-battery-8mp-64gb-rom-good-choice-for-festival-gift-summer-sale-best-bundle\/","title":{"rendered":"PRITOM 10.1 Inch Android 15 Tablet, Con Teclado &amp; Rat\u00f3n &amp; Funda &amp; Stylus, 6000mAh bater\u00eda, 8MP, 64GB ROM, Buena opci\u00f3n para Regalo de Festival, Venta de Verano mejor paquete"},"content":{"rendered":"<p><img fetchpriority=\"high\" decoding=\"async\" src=\"https:\/\/newbotay.shop\/wp-content\/uploads\/2025\/11\/8b60a0e9a1c44615900c95b0fae6a5b2tplv-t5fjg24jzw-resize-jpeg_800_800-1.jpg\" sizes=\"(max-width: 800px) 100vw, 800px\" srcset=\"https:\/\/newbotay.shop\/wp-content\/uploads\/2025\/11\/8b60a0e9a1c44615900c95b0fae6a5b2tplv-t5fjg24jzw-resize-jpeg_800_800-1.jpg 800w, https:\/\/newbotay.shop\/wp-content\/uploads\/2025\/11\/8b60a0e9a1c44615900c95b0fae6a5b2tplv-t5fjg24jzw-resize-jpeg_800_800-1-300x300.jpg 300w, https:\/\/newbotay.shop\/wp-content\/uploads\/2025\/11\/8b60a0e9a1c44615900c95b0fae6a5b2tplv-t5fjg24jzw-resize-jpeg_800_800-1-150x150.jpg 150w, https:\/\/newbotay.shop\/wp-content\/uploads\/2025\/11\/8b60a0e9a1c44615900c95b0fae6a5b2tplv-t5fjg24jzw-resize-jpeg_800_800-1-768x768.jpg 768w, https:\/\/newbotay.shop\/wp-content\/uploads\/2025\/11\/8b60a0e9a1c44615900c95b0fae6a5b2tplv-t5fjg24jzw-resize-jpeg_800_800-1-12x12.jpg 12w, https:\/\/newbotay.shop\/wp-content\/uploads\/2025\/11\/8b60a0e9a1c44615900c95b0fae6a5b2tplv-t5fjg24jzw-resize-jpeg_800_800-1-60x60.jpg 60w, https:\/\/newbotay.shop\/wp-content\/uploads\/2025\/11\/8b60a0e9a1c44615900c95b0fae6a5b2tplv-t5fjg24jzw-resize-jpeg_800_800-1-110x110.jpg 110w, https:\/\/newbotay.shop\/wp-content\/uploads\/2025\/11\/8b60a0e9a1c44615900c95b0fae6a5b2tplv-t5fjg24jzw-resize-jpeg_800_800-1-600x600.jpg 600w, https:\/\/newbotay.shop\/wp-content\/uploads\/2025\/11\/8b60a0e9a1c44615900c95b0fae6a5b2tplv-t5fjg24jzw-resize-jpeg_800_800-1-130x130.jpg 130w\" alt=\"\" width=\"800\" height=\"800\" \/><br \/>\n<img decoding=\"async\" src=\"https:\/\/newbotay.shop\/wp-content\/uploads\/2025\/11\/4c2b7b0928094ba7a659a762d796904ctplv-t5fjg24jzw-resize-jpeg_800_800-1.jpg\" sizes=\"(max-width: 800px) 100vw, 800px\" srcset=\"https:\/\/newbotay.shop\/wp-content\/uploads\/2025\/11\/4c2b7b0928094ba7a659a762d796904ctplv-t5fjg24jzw-resize-jpeg_800_800-1.jpg 800w, https:\/\/newbotay.shop\/wp-content\/uploads\/2025\/11\/4c2b7b0928094ba7a659a762d796904ctplv-t5fjg24jzw-resize-jpeg_800_800-1-300x300.jpg 300w, https:\/\/newbotay.shop\/wp-content\/uploads\/2025\/11\/4c2b7b0928094ba7a659a762d796904ctplv-t5fjg24jzw-resize-jpeg_800_800-1-150x150.jpg 150w, https:\/\/newbotay.shop\/wp-content\/uploads\/2025\/11\/4c2b7b0928094ba7a659a762d796904ctplv-t5fjg24jzw-resize-jpeg_800_800-1-768x768.jpg 768w, https:\/\/newbotay.shop\/wp-content\/uploads\/2025\/11\/4c2b7b0928094ba7a659a762d796904ctplv-t5fjg24jzw-resize-jpeg_800_800-1-12x12.jpg 12w, https:\/\/newbotay.shop\/wp-content\/uploads\/2025\/11\/4c2b7b0928094ba7a659a762d796904ctplv-t5fjg24jzw-resize-jpeg_800_800-1-60x60.jpg 60w, https:\/\/newbotay.shop\/wp-content\/uploads\/2025\/11\/4c2b7b0928094ba7a659a762d796904ctplv-t5fjg24jzw-resize-jpeg_800_800-1-110x110.jpg 110w, https:\/\/newbotay.shop\/wp-content\/uploads\/2025\/11\/4c2b7b0928094ba7a659a762d796904ctplv-t5fjg24jzw-resize-jpeg_800_800-1-600x600.jpg 600w, https:\/\/newbotay.shop\/wp-content\/uploads\/2025\/11\/4c2b7b0928094ba7a659a762d796904ctplv-t5fjg24jzw-resize-jpeg_800_800-1-130x130.jpg 130w\" alt=\"\" width=\"800\" height=\"800\" \/><br \/>\n<img decoding=\"async\" src=\"https:\/\/newbotay.shop\/wp-content\/uploads\/2025\/11\/c14c850928fa408d97e95c07d3a97ab4tplv-t5fjg24jzw-resize-jpeg_800_800-1.jpg\" sizes=\"(max-width: 800px) 100vw, 800px\" srcset=\"https:\/\/newbotay.shop\/wp-content\/uploads\/2025\/11\/c14c850928fa408d97e95c07d3a97ab4tplv-t5fjg24jzw-resize-jpeg_800_800-1.jpg 800w, https:\/\/newbotay.shop\/wp-content\/uploads\/2025\/11\/c14c850928fa408d97e95c07d3a97ab4tplv-t5fjg24jzw-resize-jpeg_800_800-1-300x300.jpg 300w, https:\/\/newbotay.shop\/wp-content\/uploads\/2025\/11\/c14c850928fa408d97e95c07d3a97ab4tplv-t5fjg24jzw-resize-jpeg_800_800-1-150x150.jpg 150w, https:\/\/newbotay.shop\/wp-content\/uploads\/2025\/11\/c14c850928fa408d97e95c07d3a97ab4tplv-t5fjg24jzw-resize-jpeg_800_800-1-768x768.jpg 768w, https:\/\/newbotay.shop\/wp-content\/uploads\/2025\/11\/c14c850928fa408d97e95c07d3a97ab4tplv-t5fjg24jzw-resize-jpeg_800_800-1-12x12.jpg 12w, https:\/\/newbotay.shop\/wp-content\/uploads\/2025\/11\/c14c850928fa408d97e95c07d3a97ab4tplv-t5fjg24jzw-resize-jpeg_800_800-1-60x60.jpg 60w, https:\/\/newbotay.shop\/wp-content\/uploads\/2025\/11\/c14c850928fa408d97e95c07d3a97ab4tplv-t5fjg24jzw-resize-jpeg_800_800-1-110x110.jpg 110w, https:\/\/newbotay.shop\/wp-content\/uploads\/2025\/11\/c14c850928fa408d97e95c07d3a97ab4tplv-t5fjg24jzw-resize-jpeg_800_800-1-600x600.jpg 600w, https:\/\/newbotay.shop\/wp-content\/uploads\/2025\/11\/c14c850928fa408d97e95c07d3a97ab4tplv-t5fjg24jzw-resize-jpeg_800_800-1-130x130.jpg 130w\" alt=\"\" width=\"800\" height=\"800\" \/><br \/>\n<img loading=\"lazy\" decoding=\"async\" src=\"https:\/\/newbotay.shop\/wp-content\/uploads\/2025\/11\/a8855ed45b894d6f84cb4e5c5ab35b48tplv-t5fjg24jzw-resize-jpeg_800_800-1.jpg\" sizes=\"(max-width: 800px) 100vw, 800px\" srcset=\"https:\/\/newbotay.shop\/wp-content\/uploads\/2025\/11\/a8855ed45b894d6f84cb4e5c5ab35b48tplv-t5fjg24jzw-resize-jpeg_800_800-1.jpg 800w, https:\/\/newbotay.shop\/wp-content\/uploads\/2025\/11\/a8855ed45b894d6f84cb4e5c5ab35b48tplv-t5fjg24jzw-resize-jpeg_800_800-1-300x300.jpg 300w, https:\/\/newbotay.shop\/wp-content\/uploads\/2025\/11\/a8855ed45b894d6f84cb4e5c5ab35b48tplv-t5fjg24jzw-resize-jpeg_800_800-1-150x150.jpg 150w, https:\/\/newbotay.shop\/wp-content\/uploads\/2025\/11\/a8855ed45b894d6f84cb4e5c5ab35b48tplv-t5fjg24jzw-resize-jpeg_800_800-1-768x768.jpg 768w, https:\/\/newbotay.shop\/wp-content\/uploads\/2025\/11\/a8855ed45b894d6f84cb4e5c5ab35b48tplv-t5fjg24jzw-resize-jpeg_800_800-1-12x12.jpg 12w, https:\/\/newbotay.shop\/wp-content\/uploads\/2025\/11\/a8855ed45b894d6f84cb4e5c5ab35b48tplv-t5fjg24jzw-resize-jpeg_800_800-1-60x60.jpg 60w, https:\/\/newbotay.shop\/wp-content\/uploads\/2025\/11\/a8855ed45b894d6f84cb4e5c5ab35b48tplv-t5fjg24jzw-resize-jpeg_800_800-1-110x110.jpg 110w, https:\/\/newbotay.shop\/wp-content\/uploads\/2025\/11\/a8855ed45b894d6f84cb4e5c5ab35b48tplv-t5fjg24jzw-resize-jpeg_800_800-1-600x600.jpg 600w, https:\/\/newbotay.shop\/wp-content\/uploads\/2025\/11\/a8855ed45b894d6f84cb4e5c5ab35b48tplv-t5fjg24jzw-resize-jpeg_800_800-1-130x130.jpg 130w\" alt=\"\" width=\"800\" height=\"800\" \/><br \/>\n<img loading=\"lazy\" decoding=\"async\" src=\"https:\/\/newbotay.shop\/wp-content\/uploads\/2025\/11\/922411557be84cb78d42ffda6a71a720tplv-t5fjg24jzw-resize-jpeg_800_800-1.jpg\" sizes=\"(max-width: 800px) 100vw, 800px\" srcset=\"https:\/\/newbotay.shop\/wp-content\/uploads\/2025\/11\/922411557be84cb78d42ffda6a71a720tplv-t5fjg24jzw-resize-jpeg_800_800-1.jpg 800w, https:\/\/newbotay.shop\/wp-content\/uploads\/2025\/11\/922411557be84cb78d42ffda6a71a720tplv-t5fjg24jzw-resize-jpeg_800_800-1-300x300.jpg 300w, https:\/\/newbotay.shop\/wp-content\/uploads\/2025\/11\/922411557be84cb78d42ffda6a71a720tplv-t5fjg24jzw-resize-jpeg_800_800-1-150x150.jpg 150w, https:\/\/newbotay.shop\/wp-content\/uploads\/2025\/11\/922411557be84cb78d42ffda6a71a720tplv-t5fjg24jzw-resize-jpeg_800_800-1-768x768.jpg 768w, https:\/\/newbotay.shop\/wp-content\/uploads\/2025\/11\/922411557be84cb78d42ffda6a71a720tplv-t5fjg24jzw-resize-jpeg_800_800-1-12x12.jpg 12w, https:\/\/newbotay.shop\/wp-content\/uploads\/2025\/11\/922411557be84cb78d42ffda6a71a720tplv-t5fjg24jzw-resize-jpeg_800_800-1-60x60.jpg 60w, https:\/\/newbotay.shop\/wp-content\/uploads\/2025\/11\/922411557be84cb78d42ffda6a71a720tplv-t5fjg24jzw-resize-jpeg_800_800-1-110x110.jpg 110w, https:\/\/newbotay.shop\/wp-content\/uploads\/2025\/11\/922411557be84cb78d42ffda6a71a720tplv-t5fjg24jzw-resize-jpeg_800_800-1-600x600.jpg 600w, https:\/\/newbotay.shop\/wp-content\/uploads\/2025\/11\/922411557be84cb78d42ffda6a71a720tplv-t5fjg24jzw-resize-jpeg_800_800-1-130x130.jpg 130w\" alt=\"\" width=\"800\" height=\"800\" \/><\/p>\n<ul>\n<li>Lo que ves lo que obtienes:Con la compra de 1 tablet obtendr\u00e1s: Teclado &amp; Rat\u00f3n &amp; Funda &amp; Stylus &amp; Kickstand<\/li>\n<li>El almacenamiento extragrande le proporciona un gran espacio para los usos diarios, como ver v\u00eddeos y jugar.<\/li>\n<li>La pantalla de alta definici\u00f3n y los colores vibrantes te ofrecen un fest\u00edn visual.<\/li>\n<li>Bater\u00eda de 6000 mAh: \u00a1disfruta de mucho tiempo de pantalla!<\/li>\n<\/ul>","protected":false},"excerpt":{"rendered":"<p>What You See What You Get:Buy 1 tablet you will get: Keyboard &amp; Mouse &amp; Case &amp; Stylus &amp; Kickstand Extra Large Storage provides you large space for daily uses, like watching videos and playing games. High definition display and vibrant colors offers you visual feast! 6000mAh battery&#8211;Enjoy your long screen time!<\/p>","protected":false},"featured_media":2116,"comment_status":"open","ping_status":"closed","template":"","meta":{"_acf_changed":false},"product_brand":[],"product_cat":[41],"product_tag":[],"class_list":{"0":"post-2113","1":"product","2":"type-product","3":"status-publish","4":"has-post-thumbnail","6":"product_cat-home-living","8":"first","9":"instock","10":"sale","11":"shipping-taxable","12":"purchasable","13":"product-type-variable","14":"has-default-attributes","15":"wvs-archive-product-wrapper"},"acf":[],"_links":{"self":[{"href":"https:\/\/remarkableplatform.shop\/es\/wp-json\/wp\/v2\/product\/2113","targetHints":{"allow":["GET"]}}],"collection":[{"href":"https:\/\/remarkableplatform.shop\/es\/wp-json\/wp\/v2\/product"}],"about":[{"href":"https:\/\/remarkableplatform.shop\/es\/wp-json\/wp\/v2\/types\/product"}],"replies":[{"embeddable":true,"href":"https:\/\/remarkableplatform.shop\/es\/wp-json\/wp\/v2\/comments?post=2113"}],"version-history":[{"count":1,"href":"https:\/\/remarkableplatform.shop\/es\/wp-json\/wp\/v2\/product\/2113\/revisions"}],"predecessor-version":[{"id":2117,"href":"https:\/\/remarkableplatform.shop\/es\/wp-json\/wp\/v2\/product\/2113\/revisions\/2117"}],"wp:featuredmedia":[{"embeddable":true,"href":"https:\/\/remarkableplatform.shop\/es\/wp-json\/wp\/v2\/media\/2116"}],"wp:attachment":[{"href":"https:\/\/remarkableplatform.shop\/es\/wp-json\/wp\/v2\/media?parent=2113"}],"wp:term":[{"taxonomy":"product_brand","embeddable":true,"href":"https:\/\/remarkableplatform.shop\/es\/wp-json\/wp\/v2\/product_brand?post=2113"},{"taxonomy":"product_cat","embeddable":true,"href":"https:\/\/remarkableplatform.shop\/es\/wp-json\/wp\/v2\/product_cat?post=2113"},{"taxonomy":"product_tag","embeddable":true,"href":"https:\/\/remarkableplatform.shop\/es\/wp-json\/wp\/v2\/product_tag?post=2113"}],"curies":[{"name":"wp","href":"https:\/\/api.w.org\/{rel}","templated":true}]}}