{"id":2215,"date":"2025-12-28T09:07:59","date_gmt":"2025-12-28T09:07:59","guid":{"rendered":"https:\/\/remarkableplatform.shop\/?post_type=product&#038;p=2215"},"modified":"2025-12-28T09:15:58","modified_gmt":"2025-12-28T09:15:58","slug":"ajazz-mini-60-teclado-mecanico-de-juegos-61-teclas-teclado-de-oficina-con-cable-ultra-compacto-nk61-teclado-de-computadora-de-oficina-mecanico-ergonomico-interruptor-rojo-configuracion-pequena-enchufe","status":"publish","type":"product","link":"https:\/\/remarkableplatform.shop\/es\/producto\/ajazz-mini-60-teclado-mecanico-de-juegos-61-teclas-teclado-de-oficina-con-cable-ultra-compacto-nk61-teclado-de-computadora-de-oficina-mecanico-ergonomico-interruptor-rojo-configuracion-pequena-enchufe\/","title":{"rendered":"AJAZZ Mini 60% teclado mec\u00e1nico de juegos 61 teclas teclado de oficina con cable ultra compacto NK61 teclado de computadora de oficina mec\u00e1nico ergon\u00f3mico interruptor rojo configuraci\u00f3n peque\u00f1o enchufe de almacenamiento de escritorio port\u00e1til y juego adecuado para juegos y oficina"},"content":{"rendered":"<p><img fetchpriority=\"high\" decoding=\"async\" class=\"aligncenter\" src=\"https:\/\/remarkableplatform.shop\/wp-content\/uploads\/2025\/12\/5-117-1024x1024.jpg\" sizes=\"(max-width: 800px) 100vw, 800px\" srcset=\"https:\/\/remarkableplatform.shop\/wp-content\/uploads\/2025\/12\/5-117-1024x1024.jpg 1024w, https:\/\/remarkableplatform.shop\/wp-content\/uploads\/2025\/12\/5-117-300x300.jpg 300w, https:\/\/remarkableplatform.shop\/wp-content\/uploads\/2025\/12\/5-117-150x150.jpg 150w, https:\/\/remarkableplatform.shop\/wp-content\/uploads\/2025\/12\/5-117-768x768.jpg 768w, https:\/\/remarkableplatform.shop\/wp-content\/uploads\/2025\/12\/5-117-1536x1536.jpg 1536w, https:\/\/remarkableplatform.shop\/wp-content\/uploads\/2025\/12\/5-117-600x600.jpg 600w, https:\/\/remarkableplatform.shop\/wp-content\/uploads\/2025\/12\/5-117-100x100.jpg 100w, https:\/\/remarkableplatform.shop\/wp-content\/uploads\/2025\/12\/5-117-50x50.jpg 50w, https:\/\/remarkableplatform.shop\/wp-content\/uploads\/2025\/12\/5-117.jpg 2048w\" alt=\"\" width=\"800\" height=\"800\" \/><br \/>\n<img decoding=\"async\" class=\"aligncenter\" src=\"https:\/\/remarkableplatform.shop\/wp-content\/uploads\/2025\/12\/4-181-1024x1024.jpg\" sizes=\"(max-width: 800px) 100vw, 800px\" srcset=\"https:\/\/remarkableplatform.shop\/wp-content\/uploads\/2025\/12\/4-181-1024x1024.jpg 1024w, https:\/\/remarkableplatform.shop\/wp-content\/uploads\/2025\/12\/4-181-300x300.jpg 300w, https:\/\/remarkableplatform.shop\/wp-content\/uploads\/2025\/12\/4-181-150x150.jpg 150w, https:\/\/remarkableplatform.shop\/wp-content\/uploads\/2025\/12\/4-181-768x768.jpg 768w, https:\/\/remarkableplatform.shop\/wp-content\/uploads\/2025\/12\/4-181-1536x1536.jpg 1536w, https:\/\/remarkableplatform.shop\/wp-content\/uploads\/2025\/12\/4-181-600x600.jpg 600w, https:\/\/remarkableplatform.shop\/wp-content\/uploads\/2025\/12\/4-181-100x100.jpg 100w, https:\/\/remarkableplatform.shop\/wp-content\/uploads\/2025\/12\/4-181-50x50.jpg 50w, https:\/\/remarkableplatform.shop\/wp-content\/uploads\/2025\/12\/4-181.jpg 2048w\" alt=\"\" width=\"800\" height=\"800\" \/><br \/>\n<img decoding=\"async\" class=\"aligncenter\" src=\"https:\/\/remarkableplatform.shop\/wp-content\/uploads\/2025\/12\/3-199-1024x1024.jpg\" sizes=\"(max-width: 800px) 100vw, 800px\" srcset=\"https:\/\/remarkableplatform.shop\/wp-content\/uploads\/2025\/12\/3-199-1024x1024.jpg 1024w, https:\/\/remarkableplatform.shop\/wp-content\/uploads\/2025\/12\/3-199-300x300.jpg 300w, https:\/\/remarkableplatform.shop\/wp-content\/uploads\/2025\/12\/3-199-150x150.jpg 150w, https:\/\/remarkableplatform.shop\/wp-content\/uploads\/2025\/12\/3-199-768x768.jpg 768w, https:\/\/remarkableplatform.shop\/wp-content\/uploads\/2025\/12\/3-199-1536x1536.jpg 1536w, https:\/\/remarkableplatform.shop\/wp-content\/uploads\/2025\/12\/3-199-600x600.jpg 600w, https:\/\/remarkableplatform.shop\/wp-content\/uploads\/2025\/12\/3-199-100x100.jpg 100w, https:\/\/remarkableplatform.shop\/wp-content\/uploads\/2025\/12\/3-199-50x50.jpg 50w, https:\/\/remarkableplatform.shop\/wp-content\/uploads\/2025\/12\/3-199.jpg 2048w\" alt=\"\" width=\"800\" height=\"800\" \/><br \/>\n<img loading=\"lazy\" decoding=\"async\" class=\"aligncenter\" src=\"https:\/\/remarkableplatform.shop\/wp-content\/uploads\/2025\/12\/6-71-1024x1024.jpg\" sizes=\"(max-width: 800px) 100vw, 800px\" srcset=\"https:\/\/remarkableplatform.shop\/wp-content\/uploads\/2025\/12\/6-71-1024x1024.jpg 1024w, https:\/\/remarkableplatform.shop\/wp-content\/uploads\/2025\/12\/6-71-300x300.jpg 300w, https:\/\/remarkableplatform.shop\/wp-content\/uploads\/2025\/12\/6-71-150x150.jpg 150w, https:\/\/remarkableplatform.shop\/wp-content\/uploads\/2025\/12\/6-71-768x768.jpg 768w, https:\/\/remarkableplatform.shop\/wp-content\/uploads\/2025\/12\/6-71-1536x1536.jpg 1536w, https:\/\/remarkableplatform.shop\/wp-content\/uploads\/2025\/12\/6-71-600x600.jpg 600w, https:\/\/remarkableplatform.shop\/wp-content\/uploads\/2025\/12\/6-71-100x100.jpg 100w, https:\/\/remarkableplatform.shop\/wp-content\/uploads\/2025\/12\/6-71-50x50.jpg 50w, https:\/\/remarkableplatform.shop\/wp-content\/uploads\/2025\/12\/6-71.jpg 2048w\" alt=\"\" width=\"800\" height=\"800\" \/><\/p>\n<ul>\n<li>Gran compatibilidad: La pantalla t\u00e1ctil para juegos de Kabellos est\u00e1 equipada con conexiones por cable de 2,4 GHz y Bluetooth. La pantalla t\u00e1ctil mec\u00e1nica es compatible con Windows 11\/10\/8\/7\/Vista\/XP y tambi\u00e9n es adecuada para Mac\/port\u00e1tiles\/ordenadores port\u00e1tiles para juegos\/PS4\/PS5. Puede cambiar libremente entre los distintos m\u00e9todos de vinculaci\u00f3n tras la instalaci\u00f3n<\/li>\n<li>Teclado mec\u00e1nico RGB: Este teclado mec\u00e1nico para juegos cuenta con 15 modos de iluminaci\u00f3n RGB din\u00e1micos diferentes, y cada modo ofrece 7 colores de fondo diferentes. Adem\u00e1s, dispone de 15*7 modos de iluminaci\u00f3n diferentes. Usted puede obtener una excelente experiencia de juego y el sabor mec\u00e1nico se integra perfectamente en el juego.<\/li>\n<\/ul>","protected":false},"excerpt":{"rendered":"<p>Breite Kompatibilit\u00e4t: Diese gaming tastatur kabellos unterst\u00fctzt kabelgebundene, 2,4 GHz kabellose und Bluetooth-Verbindungen. mechanische tastatur ist kompatibel mit Windows 11\/10\/8\/7\/Vista\/XP und geeignet f\u00fcr Mac\/Notebooks\/Gaming-PCs\/PS4\/PS5. Sie k\u00f6nnen je nach Bedarf frei zwischen den verschiedenen Verbindungsmethoden wechseln RGB Mechanical Keyboard: Diese gaming tastatur mechanisch verf\u00fcgt \u00fcber 15 verschiedene dynamische RGB-Beleuchtungsmodi, und jeder Modus bietet 7 verschiedene Einzelfarbenhintergrundbeleuchtungen. [&hellip;]<\/p>","protected":false},"featured_media":2216,"comment_status":"open","ping_status":"closed","template":"","meta":{"_acf_changed":false},"product_brand":[],"product_cat":[41],"product_tag":[],"class_list":{"0":"post-2215","1":"product","2":"type-product","3":"status-publish","4":"has-post-thumbnail","6":"product_cat-home-living","8":"first","9":"instock","10":"sale","11":"shipping-taxable","12":"purchasable","13":"product-type-simple"},"acf":[],"_links":{"self":[{"href":"https:\/\/remarkableplatform.shop\/es\/wp-json\/wp\/v2\/product\/2215","targetHints":{"allow":["GET"]}}],"collection":[{"href":"https:\/\/remarkableplatform.shop\/es\/wp-json\/wp\/v2\/product"}],"about":[{"href":"https:\/\/remarkableplatform.shop\/es\/wp-json\/wp\/v2\/types\/product"}],"replies":[{"embeddable":true,"href":"https:\/\/remarkableplatform.shop\/es\/wp-json\/wp\/v2\/comments?post=2215"}],"version-history":[{"count":2,"href":"https:\/\/remarkableplatform.shop\/es\/wp-json\/wp\/v2\/product\/2215\/revisions"}],"predecessor-version":[{"id":2260,"href":"https:\/\/remarkableplatform.shop\/es\/wp-json\/wp\/v2\/product\/2215\/revisions\/2260"}],"wp:featuredmedia":[{"embeddable":true,"href":"https:\/\/remarkableplatform.shop\/es\/wp-json\/wp\/v2\/media\/2216"}],"wp:attachment":[{"href":"https:\/\/remarkableplatform.shop\/es\/wp-json\/wp\/v2\/media?parent=2215"}],"wp:term":[{"taxonomy":"product_brand","embeddable":true,"href":"https:\/\/remarkableplatform.shop\/es\/wp-json\/wp\/v2\/product_brand?post=2215"},{"taxonomy":"product_cat","embeddable":true,"href":"https:\/\/remarkableplatform.shop\/es\/wp-json\/wp\/v2\/product_cat?post=2215"},{"taxonomy":"product_tag","embeddable":true,"href":"https:\/\/remarkableplatform.shop\/es\/wp-json\/wp\/v2\/product_tag?post=2215"}],"curies":[{"name":"wp","href":"https:\/\/api.w.org\/{rel}","templated":true}]}}