{"id":2864,"date":"2026-04-10T06:52:44","date_gmt":"2026-04-10T06:52:44","guid":{"rendered":"https:\/\/remarkableplatform.shop\/?post_type=product&#038;p=2864"},"modified":"2026-04-10T06:59:05","modified_gmt":"2026-04-10T06:59:05","slug":"pack-de-muestras-24-sobres-variados","status":"publish","type":"product","link":"https:\/\/remarkableplatform.shop\/es\/producto\/pack-de-muestras-24-sobres-variados\/","title":{"rendered":"PACK DE MUESTRAS 24 SOBRES VARIADOS"},"content":{"rendered":"<div data-elementor-type=\"product-post\" data-elementor-id=\"2864\" class=\"elementor elementor-2864\" data-elementor-post-type=\"product\">\n\t\t\t\t<div class=\"elementor-element elementor-element-160918eb e-flex e-con-boxed e-con e-parent\" data-id=\"160918eb\" data-element_type=\"container\" data-settings=\"{&quot;ekit_has_onepagescroll_dot&quot;:&quot;yes&quot;}\">\n\t\t\t\t\t<div class=\"e-con-inner\">\n\t\t\t\t<div class=\"elementor-element elementor-element-743a00d5 elementor-widget elementor-widget-image\" data-id=\"743a00d5\" data-element_type=\"widget\" data-settings=\"{&quot;ekit_we_effect_on&quot;:&quot;none&quot;}\" data-widget_type=\"image.default\">\n\t\t\t\t<div class=\"elementor-widget-container\">\n\t\t\t\t\t\t\t\t\t\t\t\t\t\t\t<img fetchpriority=\"high\" decoding=\"async\" width=\"970\" height=\"600\" src=\"https:\/\/remarkableplatform.shop\/wp-content\/uploads\/2026\/04\/0c3caf9c-0363-4ebe-89a1-2f1e3635e312.__CR124023851476_PT0_SX970_V1___.jpg\" class=\"attachment-full size-full wp-image-2871 wvs-archive-product-image\" alt=\"\" srcset=\"https:\/\/remarkableplatform.shop\/wp-content\/uploads\/2026\/04\/0c3caf9c-0363-4ebe-89a1-2f1e3635e312.__CR124023851476_PT0_SX970_V1___.jpg 970w, https:\/\/remarkableplatform.shop\/wp-content\/uploads\/2026\/04\/0c3caf9c-0363-4ebe-89a1-2f1e3635e312.__CR124023851476_PT0_SX970_V1___-300x186.jpg 300w, https:\/\/remarkableplatform.shop\/wp-content\/uploads\/2026\/04\/0c3caf9c-0363-4ebe-89a1-2f1e3635e312.__CR124023851476_PT0_SX970_V1___-768x475.jpg 768w, https:\/\/remarkableplatform.shop\/wp-content\/uploads\/2026\/04\/0c3caf9c-0363-4ebe-89a1-2f1e3635e312.__CR124023851476_PT0_SX970_V1___-18x12.jpg 18w, https:\/\/remarkableplatform.shop\/wp-content\/uploads\/2026\/04\/0c3caf9c-0363-4ebe-89a1-2f1e3635e312.__CR124023851476_PT0_SX970_V1___-600x371.jpg 600w\" sizes=\"(max-width: 970px) 100vw, 970px\" \/>\t\t\t\t\t\t\t\t\t\t\t\t\t\t\t<\/div>\n\t\t\t\t<\/div>\n\t\t\t\t<div class=\"elementor-element elementor-element-1ee97403 elementor-widget elementor-widget-heading\" data-id=\"1ee97403\" data-element_type=\"widget\" data-settings=\"{&quot;ekit_we_effect_on&quot;:&quot;none&quot;}\" data-widget_type=\"heading.default\">\n\t\t\t\t<div class=\"elementor-widget-container\">\n\t\t\t\t\t<h2 class=\"elementor-heading-title elementor-size-default\">Refresca tu d\u00eda con ElevenFit Mix<\/h2>\t\t\t\t<\/div>\n\t\t\t\t<\/div>\n\t\t\t\t<div class=\"elementor-element elementor-element-8ac979f elementor-widget elementor-widget-text-editor\" data-id=\"8ac979f\" data-element_type=\"widget\" data-settings=\"{&quot;ekit_we_effect_on&quot;:&quot;none&quot;}\" data-widget_type=\"text-editor.default\">\n\t\t\t\t<div class=\"elementor-widget-container\">\n\t\t\t\t\t\t\t\t\t<p class=\"a-spacing-base\">Descubre ElevenFit Mix, la bebida instant\u00e1nea que transforma tu agua en una experiencia deliciosa y saludable.<\/p><p class=\"a-spacing-base\">Eleven Fit trabaja para ofrecer alternativas ligeras y llenas de sabor que ayuden a mantener un estilo de vida equilibrado sin renunciar al disfrute. La gama Mix Instant\u00e1neo nace para acompa\u00f1ar rutinas activas con bebidas vivas, arom\u00e1ticas y totalmente libres de az\u00facar.<\/p><p class=\"a-spacing-base\">Disfruta bebidas llenas de aroma y color sin az\u00facar, sin calor\u00edas y listas en segundos.<\/p>\t\t\t\t\t\t\t\t<\/div>\n\t\t\t\t<\/div>\n\t\t\t\t\t<\/div>\n\t\t\t\t<\/div>\n\t\t<div class=\"elementor-element elementor-element-52cd26a0 e-flex e-con-boxed e-con e-parent\" data-id=\"52cd26a0\" data-element_type=\"container\" data-settings=\"{&quot;ekit_has_onepagescroll_dot&quot;:&quot;yes&quot;}\">\n\t\t\t\t\t<div class=\"e-con-inner\">\n\t\t<div class=\"elementor-element elementor-element-57a1aef7 e-grid e-con-full e-con e-child\" data-id=\"57a1aef7\" data-element_type=\"container\" data-settings=\"{&quot;ekit_has_onepagescroll_dot&quot;:&quot;yes&quot;}\">\n\t\t\t\t<div class=\"elementor-element elementor-element-4e5ebc9b elementor-position-top elementor-widget elementor-widget-image-box\" data-id=\"4e5ebc9b\" data-element_type=\"widget\" data-settings=\"{&quot;ekit_we_effect_on&quot;:&quot;none&quot;}\" data-widget_type=\"image-box.default\">\n\t\t\t\t<div class=\"elementor-widget-container\">\n\t\t\t\t\t<div class=\"elementor-image-box-wrapper\"><figure class=\"elementor-image-box-img\"><img decoding=\"async\" width=\"220\" height=\"220\" src=\"https:\/\/remarkableplatform.shop\/wp-content\/uploads\/2026\/04\/e171c0fb-55e9-4e26-8912-6af29f546e31.__CR3300790790_PT0_SX220_V1___.jpg\" class=\"attachment-full size-full wp-image-2872 wvs-archive-product-image\" alt=\"\" srcset=\"https:\/\/remarkableplatform.shop\/wp-content\/uploads\/2026\/04\/e171c0fb-55e9-4e26-8912-6af29f546e31.__CR3300790790_PT0_SX220_V1___.jpg 220w, https:\/\/remarkableplatform.shop\/wp-content\/uploads\/2026\/04\/e171c0fb-55e9-4e26-8912-6af29f546e31.__CR3300790790_PT0_SX220_V1___-150x150.jpg 150w, https:\/\/remarkableplatform.shop\/wp-content\/uploads\/2026\/04\/e171c0fb-55e9-4e26-8912-6af29f546e31.__CR3300790790_PT0_SX220_V1___-12x12.jpg 12w, https:\/\/remarkableplatform.shop\/wp-content\/uploads\/2026\/04\/e171c0fb-55e9-4e26-8912-6af29f546e31.__CR3300790790_PT0_SX220_V1___-100x100.jpg 100w, https:\/\/remarkableplatform.shop\/wp-content\/uploads\/2026\/04\/e171c0fb-55e9-4e26-8912-6af29f546e31.__CR3300790790_PT0_SX220_V1___-50x50.jpg 50w\" sizes=\"(max-width: 220px) 100vw, 220px\" \/><\/figure><div class=\"elementor-image-box-content\"><h3 class=\"elementor-image-box-title\">Preparaci\u00f3n instant\u00e1nea<\/h3><p class=\"elementor-image-box-description\">Vierte el contenido, mezcla y listo. Se disuelve al momento, incluso en agua fr\u00eda, sin dejar grumos.<\/p><\/div><\/div>\t\t\t\t<\/div>\n\t\t\t\t<\/div>\n\t\t\t\t<div class=\"elementor-element elementor-element-31623796 elementor-position-top elementor-widget elementor-widget-image-box\" data-id=\"31623796\" data-element_type=\"widget\" data-settings=\"{&quot;ekit_we_effect_on&quot;:&quot;none&quot;}\" data-widget_type=\"image-box.default\">\n\t\t\t\t<div class=\"elementor-widget-container\">\n\t\t\t\t\t<div class=\"elementor-image-box-wrapper\"><figure class=\"elementor-image-box-img\"><img decoding=\"async\" width=\"220\" height=\"220\" src=\"https:\/\/remarkableplatform.shop\/wp-content\/uploads\/2026\/04\/6125236e-749d-4df9-9482-53fcde27ead5.__CR4150788788_PT0_SX220_V1___.jpg\" class=\"attachment-full size-full wp-image-2873 wvs-archive-product-image\" alt=\"\" srcset=\"https:\/\/remarkableplatform.shop\/wp-content\/uploads\/2026\/04\/6125236e-749d-4df9-9482-53fcde27ead5.__CR4150788788_PT0_SX220_V1___.jpg 220w, https:\/\/remarkableplatform.shop\/wp-content\/uploads\/2026\/04\/6125236e-749d-4df9-9482-53fcde27ead5.__CR4150788788_PT0_SX220_V1___-150x150.jpg 150w, https:\/\/remarkableplatform.shop\/wp-content\/uploads\/2026\/04\/6125236e-749d-4df9-9482-53fcde27ead5.__CR4150788788_PT0_SX220_V1___-12x12.jpg 12w, https:\/\/remarkableplatform.shop\/wp-content\/uploads\/2026\/04\/6125236e-749d-4df9-9482-53fcde27ead5.__CR4150788788_PT0_SX220_V1___-100x100.jpg 100w, https:\/\/remarkableplatform.shop\/wp-content\/uploads\/2026\/04\/6125236e-749d-4df9-9482-53fcde27ead5.__CR4150788788_PT0_SX220_V1___-50x50.jpg 50w\" sizes=\"(max-width: 220px) 100vw, 220px\" \/><\/figure><div class=\"elementor-image-box-content\"><h3 class=\"elementor-image-box-title\">Vers\u00e1til y funcional<\/h3><p class=\"elementor-image-box-description\">Ideal para agua, yogures, reposter\u00eda ligera, cocteler\u00eda, batidos, soda casera o recetas fitness.<\/p><\/div><\/div>\t\t\t\t<\/div>\n\t\t\t\t<\/div>\n\t\t\t\t<div class=\"elementor-element elementor-element-5fb199da elementor-position-top elementor-widget elementor-widget-image-box\" data-id=\"5fb199da\" data-element_type=\"widget\" data-settings=\"{&quot;ekit_we_effect_on&quot;:&quot;none&quot;}\" data-widget_type=\"image-box.default\">\n\t\t\t\t<div class=\"elementor-widget-container\">\n\t\t\t\t\t<div class=\"elementor-image-box-wrapper\"><figure class=\"elementor-image-box-img\"><img loading=\"lazy\" decoding=\"async\" width=\"220\" height=\"220\" src=\"https:\/\/remarkableplatform.shop\/wp-content\/uploads\/2026\/04\/b015ea61-501a-4052-af07-05425516e726.__CR2470782782_PT0_SX220_V1___-3.jpg\" class=\"attachment-full size-full wp-image-2874 wvs-archive-product-image\" alt=\"\" srcset=\"https:\/\/remarkableplatform.shop\/wp-content\/uploads\/2026\/04\/b015ea61-501a-4052-af07-05425516e726.__CR2470782782_PT0_SX220_V1___-3.jpg 220w, https:\/\/remarkableplatform.shop\/wp-content\/uploads\/2026\/04\/b015ea61-501a-4052-af07-05425516e726.__CR2470782782_PT0_SX220_V1___-3-150x150.jpg 150w, https:\/\/remarkableplatform.shop\/wp-content\/uploads\/2026\/04\/b015ea61-501a-4052-af07-05425516e726.__CR2470782782_PT0_SX220_V1___-3-12x12.jpg 12w, https:\/\/remarkableplatform.shop\/wp-content\/uploads\/2026\/04\/b015ea61-501a-4052-af07-05425516e726.__CR2470782782_PT0_SX220_V1___-3-100x100.jpg 100w, https:\/\/remarkableplatform.shop\/wp-content\/uploads\/2026\/04\/b015ea61-501a-4052-af07-05425516e726.__CR2470782782_PT0_SX220_V1___-3-50x50.jpg 50w\" sizes=\"(max-width: 220px) 100vw, 220px\" \/><\/figure><div class=\"elementor-image-box-content\"><h3 class=\"elementor-image-box-title\">Sabor aut\u00e9ntico e intenso<\/h3><p class=\"elementor-image-box-description\">Cada sobre ofrece un perfil arom\u00e1tico equilibrado que potencia tus bebidas sin a\u00f1adir calor\u00edas ni edulcorantes artificiales pesados.<\/p><\/div><\/div>\t\t\t\t<\/div>\n\t\t\t\t<\/div>\n\t\t\t\t<div class=\"elementor-element elementor-element-4e746bc9 elementor-position-top elementor-widget elementor-widget-image-box\" data-id=\"4e746bc9\" data-element_type=\"widget\" data-settings=\"{&quot;ekit_we_effect_on&quot;:&quot;none&quot;}\" data-widget_type=\"image-box.default\">\n\t\t\t\t<div class=\"elementor-widget-container\">\n\t\t\t\t\t<div class=\"elementor-image-box-wrapper\"><figure class=\"elementor-image-box-img\"><img loading=\"lazy\" decoding=\"async\" width=\"220\" height=\"220\" src=\"https:\/\/remarkableplatform.shop\/wp-content\/uploads\/2026\/04\/a5ad5575-f96d-4456-84ba-48b2f8ba71b7.__CR2500788788_PT0_SX220_V1___.jpg\" class=\"attachment-full size-full wp-image-2875 wvs-archive-product-image\" alt=\"\" srcset=\"https:\/\/remarkableplatform.shop\/wp-content\/uploads\/2026\/04\/a5ad5575-f96d-4456-84ba-48b2f8ba71b7.__CR2500788788_PT0_SX220_V1___.jpg 220w, https:\/\/remarkableplatform.shop\/wp-content\/uploads\/2026\/04\/a5ad5575-f96d-4456-84ba-48b2f8ba71b7.__CR2500788788_PT0_SX220_V1___-150x150.jpg 150w, https:\/\/remarkableplatform.shop\/wp-content\/uploads\/2026\/04\/a5ad5575-f96d-4456-84ba-48b2f8ba71b7.__CR2500788788_PT0_SX220_V1___-12x12.jpg 12w, https:\/\/remarkableplatform.shop\/wp-content\/uploads\/2026\/04\/a5ad5575-f96d-4456-84ba-48b2f8ba71b7.__CR2500788788_PT0_SX220_V1___-100x100.jpg 100w, https:\/\/remarkableplatform.shop\/wp-content\/uploads\/2026\/04\/a5ad5575-f96d-4456-84ba-48b2f8ba71b7.__CR2500788788_PT0_SX220_V1___-50x50.jpg 50w\" sizes=\"(max-width: 220px) 100vw, 220px\" \/><\/figure><div class=\"elementor-image-box-content\"><h3 class=\"elementor-image-box-title\">Pr\u00e1ctico y port\u00e1til<\/h3><p class=\"elementor-image-box-description\">Sobres individuales f\u00e1ciles de llevar al trabajo, gimnasio o viajes. Perfectos para mantener una hidrataci\u00f3n m\u00e1s sabrosa en cualquier lugar.<\/p><\/div><\/div>\t\t\t\t<\/div>\n\t\t\t\t<\/div>\n\t\t\t\t<\/div>\n\t\t\t\t\t<\/div>\n\t\t\t\t<\/div>\n\t\t<div class=\"elementor-element elementor-element-604bd89 e-flex e-con-boxed e-con e-parent\" data-id=\"604bd89\" data-element_type=\"container\" data-settings=\"{&quot;ekit_has_onepagescroll_dot&quot;:&quot;yes&quot;}\">\n\t\t\t\t\t<div class=\"e-con-inner\">\n\t\t\t\t<div class=\"elementor-element elementor-element-634aaf4a elementor-widget elementor-widget-image\" data-id=\"634aaf4a\" data-element_type=\"widget\" data-settings=\"{&quot;ekit_we_effect_on&quot;:&quot;none&quot;}\" data-widget_type=\"image.default\">\n\t\t\t\t<div class=\"elementor-widget-container\">\n\t\t\t\t\t\t\t\t\t\t\t\t\t\t\t<img loading=\"lazy\" decoding=\"async\" width=\"560\" height=\"560\" src=\"https:\/\/remarkableplatform.shop\/wp-content\/uploads\/2026\/04\/\u4e3b\u56fe-5.jpg\" class=\"attachment-full size-full wp-image-2876 wvs-archive-product-image\" alt=\"\" srcset=\"https:\/\/remarkableplatform.shop\/wp-content\/uploads\/2026\/04\/\u4e3b\u56fe-5.jpg 560w, https:\/\/remarkableplatform.shop\/wp-content\/uploads\/2026\/04\/\u4e3b\u56fe-5-300x300.jpg 300w, https:\/\/remarkableplatform.shop\/wp-content\/uploads\/2026\/04\/\u4e3b\u56fe-5-150x150.jpg 150w, https:\/\/remarkableplatform.shop\/wp-content\/uploads\/2026\/04\/\u4e3b\u56fe-5-12x12.jpg 12w, https:\/\/remarkableplatform.shop\/wp-content\/uploads\/2026\/04\/\u4e3b\u56fe-5-100x100.jpg 100w, https:\/\/remarkableplatform.shop\/wp-content\/uploads\/2026\/04\/\u4e3b\u56fe-5-50x50.jpg 50w\" sizes=\"(max-width: 560px) 100vw, 560px\" \/>\t\t\t\t\t\t\t\t\t\t\t\t\t\t\t<\/div>\n\t\t\t\t<\/div>\n\t\t\t\t<div class=\"elementor-element elementor-element-3f00c04f elementor-widget elementor-widget-heading\" data-id=\"3f00c04f\" data-element_type=\"widget\" data-settings=\"{&quot;ekit_we_effect_on&quot;:&quot;none&quot;}\" data-widget_type=\"heading.default\">\n\t\t\t\t<div class=\"elementor-widget-container\">\n\t\t\t\t\t<h2 class=\"elementor-heading-title elementor-size-default\">Vers\u00e1til para m\u00faltiples usos\nNo solo se toma como bebida. Tambi\u00e9n puedes usarlo para:<\/h2>\t\t\t\t<\/div>\n\t\t\t\t<\/div>\n\t\t\t\t<div class=\"elementor-element elementor-element-9d35c3d elementor-widget elementor-widget-text-editor\" data-id=\"9d35c3d\" data-element_type=\"widget\" data-settings=\"{&quot;ekit_we_effect_on&quot;:&quot;none&quot;}\" data-widget_type=\"text-editor.default\">\n\t\t\t\t<div class=\"elementor-widget-container\">\n\t\t\t\t\t\t\t\t\t<ul><li><p class=\"ds-markdown-paragraph\">Aromatizar\u00a0<strong>gas water<\/strong>\u00a0(refresco casero)<\/p><\/li><li><p class=\"ds-markdown-paragraph\">Mezclar con\u00a0<strong>yogur o leche<\/strong>\u00a0(batido)<\/p><\/li><li><p class=\"ds-markdown-paragraph\">Dar sabor a\u00a0<strong>hielo picado<\/strong>\u00a0(granizado)<\/p><\/li><li><p class=\"ds-markdown-paragraph\">A\u00f1adir a\u00a0<strong>c\u00f3cteles sin alcohol<\/strong>\u00a0(c\u00f3cteles)<\/p><\/li><\/ul>\t\t\t\t\t\t\t\t<\/div>\n\t\t\t\t<\/div>\n\t\t\t\t\t<\/div>\n\t\t\t\t<\/div>\n\t\t<div class=\"elementor-element elementor-element-7b80753 e-flex e-con-boxed e-con e-parent\" data-id=\"7b80753\" data-element_type=\"container\" data-settings=\"{&quot;ekit_has_onepagescroll_dot&quot;:&quot;yes&quot;}\">\n\t\t\t\t\t<div class=\"e-con-inner\">\n\t\t\t\t<div class=\"elementor-element elementor-element-594c0997 elementor-widget elementor-widget-text-editor\" data-id=\"594c0997\" data-element_type=\"widget\" data-settings=\"{&quot;ekit_we_effect_on&quot;:&quot;none&quot;}\" data-widget_type=\"text-editor.default\">\n\t\t\t\t<div class=\"elementor-widget-container\">\n\t\t\t\t\t\t\t\t\t<div class=\"elementor-widget-container\">\n\t\t\t\t\t\t\t\t\t# Detalles del art\u00edculo\n\n<div class=\"product-table\">\n  <div class=\"product-row\">\n    <div class=\"product-label\"><strong>Contenido de cafe\u00edna Descripci\u00f3n<\/strong><\/div>\n    <div class=\"product-value\"><strong>Sin cafe\u00edna<\/strong><\/div>\n  <\/div>\n  <div class=\"product-row\">\n    <div class=\"product-label\"><strong>Formulario<\/strong><\/div>\n    <div class=\"product-value\"><strong>Polvo<\/strong><\/div>\n  <\/div>\n  <div class=\"product-row\">\n    <div class=\"product-label\"><strong>Tipo de contenedor<\/strong><\/div>\n    <div class=\"product-value\"><strong>Bolsita<\/strong><\/div>\n  <\/div>\n  <div class=\"product-row\">\n    <div class=\"product-label\"><strong>Ingredientes especiales<\/strong><\/div>\n    <div class=\"product-value\"><strong>Extracto de lima, esencia de cola<\/strong><\/div>\n  <\/div>\n  <div class=\"product-row\">\n    <div class=\"product-label\"><strong>Vida \u00fatil del producto<\/strong><\/div>\n    <div class=\"product-value\"><strong>3 a\u00f1os<\/strong><\/div>\n  <\/div>\n  <div class=\"product-row\">\n    <div class=\"product-label\"><strong>Rango de edad Descripci\u00f3n<\/strong><\/div>\n    <div class=\"product-value\"><strong>Todas las edades<\/strong><\/div>\n  <\/div>\n  <div class=\"product-row\">\n    <div class=\"product-label\"><strong>Sabor<\/strong><\/div>\n    <div class=\"product-value\"><strong>Fruta<\/strong><\/div>\n  <\/div>\n  <div class=\"product-row\">\n    <div class=\"product-label\"><strong>Especialidad<\/strong><\/div>\n    <div class=\"product-value\"><strong>Cola-lim\u00f3n sin az\u00facar<\/strong><\/div>\n  <\/div>\n  <div class=\"product-row\">\n    <div class=\"product-label\"><strong>Recuento de unidades<\/strong><\/div>\n    <div class=\"product-value\"><strong>108 gramos<\/strong><\/div>\n  <\/div>\n  <div class=\"product-row\">\n    <div class=\"product-label\"><strong>Descripci\u00f3n de la dulzura<\/strong><\/div>\n    <div class=\"product-value\"><strong>No es dulce<\/strong><\/div>\n  <\/div>\n<\/div>\n\n<style>\n.product-table {\n  width: 100%;\n  border-top: 1px solid #000;\n  font-family: Arial, sans-serif;\n}\n\n.product-row {\n  display: flex;\n  border-bottom: 1px solid #000;\n  padding: 12px 0;\n}\n\n.product-label {\n  flex: 1;\n  font-weight: bold;\n  min-width: 200px;\n  padding-right: 20px;\n}\n\n.product-value {\n  flex: 1;\n  min-width: 200px;\n}\n<\/style>\n<\/div>\t\t\t\t\t\t\t\t<\/div>\n\t\t\t\t<\/div>\n\t\t\t\t\t<\/div>\n\t\t\t\t<\/div>\n\t\t\t\t<\/div>","protected":false},"excerpt":{"rendered":"<h1 class=\"a-size-base-plus a-text-bold\">Acerca de este art\u00edculo<\/h1>\n<ul class=\"a-unordered-list a-vertical a-spacing-mini\">\n<li class=\"a-spacing-mini\"><span class=\"a-list-item\">Sobres SABORIZADOS SIN AZ\u00daCAR - Convierta el agua en una bebida deliciosa y saludable con los sobres ElevenFit, de sabor intenso y sin az\u00facares a\u00f1adidos.<\/span><\/li>\n<li class=\"a-spacing-mini\"><span class=\"a-list-item\">BEBIDA BAJA EN CALOR\u00cdAS - Cada sobre aporta menos de 9 kcal por litro, ideal para deportistas o personas que siguen dietas ceto, bajas en carbohidratos o de control de peso.<\/span><\/li>\n<\/ul>","protected":false},"featured_media":2865,"comment_status":"open","ping_status":"closed","template":"","meta":{"_acf_changed":false},"product_brand":[],"product_cat":[35],"product_tag":[],"class_list":{"0":"post-2864","1":"product","2":"type-product","3":"status-publish","4":"has-post-thumbnail","6":"product_cat-sale","8":"first","9":"instock","10":"sale","11":"shipping-taxable","12":"purchasable","13":"product-type-simple"},"acf":[],"_links":{"self":[{"href":"https:\/\/remarkableplatform.shop\/es\/wp-json\/wp\/v2\/product\/2864","targetHints":{"allow":["GET"]}}],"collection":[{"href":"https:\/\/remarkableplatform.shop\/es\/wp-json\/wp\/v2\/product"}],"about":[{"href":"https:\/\/remarkableplatform.shop\/es\/wp-json\/wp\/v2\/types\/product"}],"replies":[{"embeddable":true,"href":"https:\/\/remarkableplatform.shop\/es\/wp-json\/wp\/v2\/comments?post=2864"}],"version-history":[{"count":4,"href":"https:\/\/remarkableplatform.shop\/es\/wp-json\/wp\/v2\/product\/2864\/revisions"}],"predecessor-version":[{"id":2884,"href":"https:\/\/remarkableplatform.shop\/es\/wp-json\/wp\/v2\/product\/2864\/revisions\/2884"}],"wp:featuredmedia":[{"embeddable":true,"href":"https:\/\/remarkableplatform.shop\/es\/wp-json\/wp\/v2\/media\/2865"}],"wp:attachment":[{"href":"https:\/\/remarkableplatform.shop\/es\/wp-json\/wp\/v2\/media?parent=2864"}],"wp:term":[{"taxonomy":"product_brand","embeddable":true,"href":"https:\/\/remarkableplatform.shop\/es\/wp-json\/wp\/v2\/product_brand?post=2864"},{"taxonomy":"product_cat","embeddable":true,"href":"https:\/\/remarkableplatform.shop\/es\/wp-json\/wp\/v2\/product_cat?post=2864"},{"taxonomy":"product_tag","embeddable":true,"href":"https:\/\/remarkableplatform.shop\/es\/wp-json\/wp\/v2\/product_tag?post=2864"}],"curies":[{"name":"wp","href":"https:\/\/api.w.org\/{rel}","templated":true}]}}